{"id":19,"date":"2025-12-11T16:59:48","date_gmt":"2025-12-11T15:59:48","guid":{"rendered":"https:\/\/komitment.lf.tuke.sk\/?page_id=19"},"modified":"2026-01-31T15:27:04","modified_gmt":"2026-01-31T14:27:04","slug":"domov","status":"publish","type":"page","link":"https:\/\/komitment.lf.tuke.sk\/","title":{"rendered":"Domov"},"content":{"rendered":"<div id='layer_slider_1'  class='avia-layerslider main_color avia-shadow  avia-builder-el-0  el_before_av_section  avia-builder-el-first  container_wrap sidebar_right'  style='height: 591px;'  ><\/div>\n<div id='av_section_1'  class='avia-section av-tapz-c260599fb2ae7233e3ecf1eee1dfb956 main_color avia-section-default avia-no-border-styling  avia-builder-el-1  el_after_av_layerslider  el_before_av_section  avia-bg-style-scroll container_wrap sidebar_right'  ><div class='container av-section-cont-open' ><div class='template-page content  av-content-small alpha units'><div class='post-entry post-entry-type-page post-entry-19'><div class='entry-content-wrapper clearfix'>\n\n<style type=\"text\/css\" data-created_by=\"avia_inline_auto\" id=\"style-css-av-mj1psvqq-971994b328f355e48d77da0a7de4fb30\">\n.avia-image-container.av-mj1psvqq-971994b328f355e48d77da0a7de4fb30 img.avia_image{\nbox-shadow:none;\n}\n.avia-image-container.av-mj1psvqq-971994b328f355e48d77da0a7de4fb30 .av-image-caption-overlay-center{\ncolor:#ffffff;\n}\n<\/style>\n<div  class='avia-image-container av-mj1psvqq-971994b328f355e48d77da0a7de4fb30 av-styling- avia-align-center  avia-builder-el-2  avia-builder-el-no-sibling '   itemprop=\"image\" itemscope=\"itemscope\" itemtype=\"https:\/\/schema.org\/ImageObject\" ><div class=\"avia-image-container-inner\"><div class=\"avia-image-overlay-wrap\"><img decoding=\"async\" fetchpriority=\"high\" class='wp-image-115 avia-img-lazy-loading-not-115 avia_image ' src=\"https:\/\/komitment.lf.tuke.sk\/wp-content\/uploads\/2026\/01\/logo-spolufinancovany-eu_ps_msvvam-sr_color_png-1030x78.png\" alt='' title='logo-spolufinancovany-eu_ps_msvvam-sr_color_png'  height=\"78\" width=\"1030\"  itemprop=\"thumbnailUrl\" srcset=\"https:\/\/komitment.lf.tuke.sk\/wp-content\/uploads\/2026\/01\/logo-spolufinancovany-eu_ps_msvvam-sr_color_png-1030x78.png 1030w, https:\/\/komitment.lf.tuke.sk\/wp-content\/uploads\/2026\/01\/logo-spolufinancovany-eu_ps_msvvam-sr_color_png-300x23.png 300w, https:\/\/komitment.lf.tuke.sk\/wp-content\/uploads\/2026\/01\/logo-spolufinancovany-eu_ps_msvvam-sr_color_png-768x58.png 768w, https:\/\/komitment.lf.tuke.sk\/wp-content\/uploads\/2026\/01\/logo-spolufinancovany-eu_ps_msvvam-sr_color_png-1536x116.png 1536w, https:\/\/komitment.lf.tuke.sk\/wp-content\/uploads\/2026\/01\/logo-spolufinancovany-eu_ps_msvvam-sr_color_png-2048x155.png 2048w, https:\/\/komitment.lf.tuke.sk\/wp-content\/uploads\/2026\/01\/logo-spolufinancovany-eu_ps_msvvam-sr_color_png-1500x114.png 1500w, https:\/\/komitment.lf.tuke.sk\/wp-content\/uploads\/2026\/01\/logo-spolufinancovany-eu_ps_msvvam-sr_color_png-705x53.png 705w\" sizes=\"(max-width: 1030px) 100vw, 1030px\" \/><\/div><\/div><\/div>\n<\/div><\/div><\/div><!-- close content main div --><\/div><\/div><div id='av_section_2'  class='avia-section av-mj1r8wgc-929111153f0f8f109b01ddbea8414c71 main_color avia-section-default avia-no-shadow  avia-builder-el-3  el_after_av_section  el_before_av_section  avia-bg-style-scroll container_wrap sidebar_right'  ><div class='container av-section-cont-open' ><div class='template-page content  av-content-small alpha units'><div class='post-entry post-entry-type-page post-entry-19'><div class='entry-content-wrapper clearfix'>\n<div  class='flex_column av-1o4fz-8a620d1c69514a5c85835bf317934efd av_one_half  avia-builder-el-4  el_before_av_one_half  avia-builder-el-first  first flex_column_div  '     ><p>\n<style type=\"text\/css\" data-created_by=\"avia_inline_auto\" id=\"style-css-av-mj1ra0mx-2c9c11ad597c094b416f6592736aac1f\">\n#top .av-special-heading.av-mj1ra0mx-2c9c11ad597c094b416f6592736aac1f{\npadding-bottom:10px;\n}\nbody .av-special-heading.av-mj1ra0mx-2c9c11ad597c094b416f6592736aac1f .av-special-heading-tag .heading-char{\nfont-size:25px;\n}\n.av-special-heading.av-mj1ra0mx-2c9c11ad597c094b416f6592736aac1f .av-subheading{\nfont-size:15px;\n}\n<\/style>\n<div  class='av-special-heading av-mj1ra0mx-2c9c11ad597c094b416f6592736aac1f av-special-heading-h3 blockquote modern-quote modern-right  avia-builder-el-5  el_before_av_textblock  avia-builder-el-first '><h3 class='av-special-heading-tag '  itemprop=\"headline\"  >STRU\u010cN\u00dd OPIS PROJEKTU<\/h3><div class=\"special-heading-border\"><div class=\"special-heading-inner-border\"><\/div><\/div><\/div><br \/>\n<section  class='av_textblock_section av-mj1rhlqj-0054be027d83a1af9298bc2cde2360aa '   itemscope=\"itemscope\" itemtype=\"https:\/\/schema.org\/CreativeWork\" ><div class='avia_textblock'  itemprop=\"text\" ><p class=\"font-claude-response-body break-words whitespace-normal leading-&#091;1.7&#093;\" style=\"text-align: right;\">Projekt KOMITMENT sa zameriava na v\u00fdvoj a valid\u00e1ciu inovat\u00edvnych kompozitn\u00fdch materi\u00e1lov na b\u00e1ze bazaltu (vr\u00e1tane inteligentn\u00fdch \u201esmart&#8220; kompozitov) pre stavebn\u00edctvo, energetiku, dopravu a po\u013enohospod\u00e1rstvo. Bazaltov\u00e9 mikrovl\u00e1kno a \u017eivice umo\u017e\u0148uj\u00fa progres\u00edvne technol\u00f3gie a inovat\u00edvne v\u00fdrobn\u00e9 postupy s v\u00fdsledkom materi\u00e1lu vy\u0161\u0161ej \u00fa\u010dinnosti, \u017eivotnosti a ni\u017e\u0161ej environment\u00e1lnej z\u00e1\u0165a\u017ee.<\/p>\n<p class=\"font-claude-response-body break-words whitespace-normal leading-&#091;1.7&#093;\" style=\"text-align: right;\">V\u00fdskum sa orientuje aj na \u010fal\u0161ie vlastnosti materi\u00e1lu ako katal\u00fdza, adsorpcia, spoma\u013eova\u010d horenia, tepeln\u00e1 izol\u00e1cia a auton\u00f3mna opravite\u013enos\u0165. S\u00fa\u010das\u0165ou je testovanie vzoriek a simul\u00e1cia ich aplik\u00e1ci\u00ed s oh\u013eadom na po\u017eiadavky praxe.<\/p>\n<p class=\"font-claude-response-body break-words whitespace-normal leading-&#091;1.7&#093;\" style=\"text-align: right;\">Syst\u00e9m predikcie aplikovate\u013enosti vyu\u017e\u00edva umel\u00fa inteligenciu v r\u00e1mci komplexnej metodiky s d\u00f4razom na udr\u017eate\u013enos\u0165 a spolo\u010densk\u00fa zodpovednos\u0165.<\/p>\n<p class=\"font-claude-response-body break-words whitespace-normal leading-&#091;1.7&#093;\" style=\"text-align: right;\">O\u010dak\u00e1van\u00e9 v\u00fdsledky posilnia poz\u00edciu strategick\u00e9ho partnerstva v oblasti v\u00fdskumu kompozitn\u00fdch materi\u00e1lov a ich implement\u00e1cie v inteligentnom priemyslenie na Slovensku ako aj v zahrani\u010d\u00ed.<\/p>\n<\/div><\/section><\/p><\/div><div  class='flex_column av-10gqv-9d5a723b3b18580d5972f05469aae162 av_one_half  avia-builder-el-7  el_after_av_one_half  avia-builder-el-last  flex_column_div  '     ><p>\n<style type=\"text\/css\" data-created_by=\"avia_inline_auto\" id=\"style-css-av-mj1vzi0m-b83d77fd2896988dd2172f9dd2bd8fe6\">\n#top .av-special-heading.av-mj1vzi0m-b83d77fd2896988dd2172f9dd2bd8fe6{\npadding-bottom:10px;\n}\nbody .av-special-heading.av-mj1vzi0m-b83d77fd2896988dd2172f9dd2bd8fe6 .av-special-heading-tag .heading-char{\nfont-size:25px;\n}\n.av-special-heading.av-mj1vzi0m-b83d77fd2896988dd2172f9dd2bd8fe6 .av-subheading{\nfont-size:15px;\n}\n<\/style>\n<div  class='av-special-heading av-mj1vzi0m-b83d77fd2896988dd2172f9dd2bd8fe6 av-special-heading-h3 blockquote modern-quote  avia-builder-el-8  el_before_av_textblock  avia-builder-el-first '><h3 class='av-special-heading-tag '  itemprop=\"headline\"  >V\u00ddSTUPY PROJEKTU<\/h3><div class=\"special-heading-border\"><div class=\"special-heading-inner-border\"><\/div><\/div><\/div><br \/>\n<section  class='av_textblock_section av-mj1w4knw-8184bbb049e4ff26538ee0c1ace66d12 '   itemscope=\"itemscope\" itemtype=\"https:\/\/schema.org\/CreativeWork\" ><div class='avia_textblock'  itemprop=\"text\" ><p><strong>Syst\u00e9m pre tvorbu IKM vzoriek<\/strong><\/p>\n<p>Syst\u00e9m bude integrova\u0165 algoritmy tvorby recept\u00far inovat\u00edvnych vzoriek na z\u00e1klade \u0161pecifick\u00fdch po\u017eiadaviek na \u017eivotn\u00fd cyklus komponentov IKM, predik\u010dn\u00fd model (AIIKM_LC) umo\u017en\u00ed overenie po\u017eadovan\u00fdch excelentn\u00fdch vlastnost\u00ed\u00a0 preuk\u00e1zan\u00fdch experiment\u00e1lnym sk\u00faman\u00edm a testovan\u00edm v laborat\u00f3rnych podmienkach. \u0160tudenti a v\u00fdskumn\u00edci UNIZA a TUKE sa bud\u00fa podie\u013ea\u0165 na v\u00fdskume a testovan\u00ed syst\u00e9mu. (TRL4).<\/p>\n<\/div><\/section><br \/>\n<section  class='av_textblock_section av-mj1w4yr1-5a2af3a2350bc0e18a8f83b62698a2ea '   itemscope=\"itemscope\" itemtype=\"https:\/\/schema.org\/CreativeWork\" ><div class='avia_textblock'  itemprop=\"text\" ><p><strong>Platforma komponentov so \u0161pi\u010dkov\u00fdmi vlastnos\u0165ami IKM pre \u0161irok\u00fa aplikovate\u013enos\u0165 vo vybran\u00fdch odvetviach<\/strong><\/p>\n<p>Platforma komponentov so \u0161pi\u010dkov\u00fdmi vlastnos\u0165ami IKM bude pon\u00faka\u0165 optimalizovan\u00e9 postupy a procesy aplik\u00e1cie IKM s vyu\u017eit\u00edm \u0161pi\u010dkovej AI (d\u00e1tami tr\u00e9novanej). Sada komponentov bude obsahova\u0165 aj d\u00e1ta z valid\u00e1cie inteligentn\u00fdch komponentov (IIKM) v relevantnom prostred\u00ed, \u010d\u00edm sa roz\u0161\u00edri platforma o komponenty aplikovate\u013en\u00e9 v inteligentnom priemysle. (TRL5).<\/p>\n<\/div><\/section><\/p><\/div>\n<\/p>\n<\/div><\/div><\/div><!-- close content main div --><\/div><\/div><div id='av_section_3'  class='avia-section av-mj1r7rw6-375986d3803705b8be4c2f5baa06d32f main_color avia-section-default avia-no-shadow  avia-builder-el-11  el_after_av_section  el_before_av_section  avia-bg-style-scroll container_wrap sidebar_right'  ><div class='container av-section-cont-open' ><div class='template-page content  av-content-small alpha units'><div class='post-entry post-entry-type-page post-entry-19'><div class='entry-content-wrapper clearfix'>\n\n<style type=\"text\/css\" data-created_by=\"avia_inline_auto\" id=\"style-css-av-mj1r5ihs-81cb797a55ff7aa256f0d7ca21879753\">\n#top .av-special-heading.av-mj1r5ihs-81cb797a55ff7aa256f0d7ca21879753{\npadding-bottom:10px;\n}\nbody .av-special-heading.av-mj1r5ihs-81cb797a55ff7aa256f0d7ca21879753 .av-special-heading-tag .heading-char{\nfont-size:25px;\n}\n.av-special-heading.av-mj1r5ihs-81cb797a55ff7aa256f0d7ca21879753 .av-subheading{\nfont-size:15px;\n}\n<\/style>\n<div  class='av-special-heading av-mj1r5ihs-81cb797a55ff7aa256f0d7ca21879753 av-special-heading-h3 blockquote modern-quote modern-centered  avia-builder-el-12  el_before_av_hr  avia-builder-el-first '><h3 class='av-special-heading-tag '  itemprop=\"headline\"  >Z\u00c1KLADN\u00c9 \u00daDAJE O PROJEKTE<\/h3><div class=\"special-heading-border\"><div class=\"special-heading-inner-border\"><\/div><\/div><\/div>\n<div  class='hr av-mj1r5pua-04f845cf64fb9355396a439ded149b70 hr-short  avia-builder-el-13  el_after_av_heading  el_before_av_table  hr-center'><span class='hr-inner '><span class=\"hr-inner-style\"><\/span><\/span><\/div>\n<div class='avia-data-table-wrap av-m8bwb-0d0d8bf5c4e17feb77c824efb65938cf avia_responsive_table avia-table-1'><table  class='avia-table avia-data-table avia_pricing_default  avia-builder-el-14  el_after_av_hr  avia-builder-el-last '  itemscope=\"itemscope\" itemtype=\"https:\/\/schema.org\/Table\" ><tbody><tr class=''><th class='avia-desc-col'>N\u00e1zov<\/th><td class=''>Komplexn\u00fd v\u00fdskum inovat\u00edvnych kompozitn\u00fdch materi\u00e1lov pre \u0161irok\u00e9 spektrum aplikovate\u013enosti v inteligentnom priemysle<\/td><\/tr><tr class=''><th class='avia-desc-col'>K\u00f3d projektu<\/th><td class=''>401101C721<\/td><\/tr><tr class=''><th class='avia-desc-col'>N\u00e1zov programu<\/th><td class=''>Program Slovensko &#8211; SK &#8211; EFRR\/KF\/FST\/ESF+<\/td><\/tr><tr class=''><th class='avia-desc-col'>K\u00f3d v\u00fdzvy<\/th><td class=''>PSK-MSVVM-020-2024-DV-EFRR<\/td><\/tr><tr class=''><th class='avia-desc-col'>N\u00e1zov v\u00fdzvy<\/th><td class=''>SVaV &#8211; Strategick\u00fd v\u00fdskum a v\u00fdvoj prostredn\u00edctvom partnerstiev<\/td><\/tr><tr class=''><th class='avia-desc-col'>\u010c\u00edslo zmluvy o poskytnut\u00ed prostriedkov mechanizmu<\/th><td class=''>PSK\/DV\/2025\/030<\/td><\/tr><tr class=''><th class='avia-desc-col'>\u017diadate\u013e<\/th><td class=''>\u017dilinsk\u00e1 univerzita v \u017diline<br \/>\nUniverzitn\u00e1 8215\/1<br \/>\n010 26 \u017dilina<\/td><\/tr><tr class=''><th class='avia-desc-col'>Partneri<\/th><td class=''>R-DAS, s. r. o.<br \/>\nTechnick\u00e1 univerzita v Ko\u0161iciach<br \/>\nTOMARK, s.r.o.<\/td><\/tr><tr class=''><th class='avia-desc-col'>Prostriedky mechanizmu<\/th><td class=''>11 596 625,88 EUR<\/td><\/tr><tr class=''><th class='avia-desc-col'>Doba realiz\u00e1cie<\/th><td class=''>1.7.2025 &#8211; 1.12.2029<\/td><\/tr><\/tbody><\/table><\/div><style type='text\/css'>.avia-table-1 td:nth-of-type(1):before { content: 'N\u00e1zov'; } <\/style>\n\n<\/div><\/div><\/div><!-- close content main div --><\/div><\/div>\n<style type=\"text\/css\" data-created_by=\"avia_inline_auto\" id=\"style-css-av-mj1zt7rm-c7a327756e878a7e04ac14456922ee36\">\n.avia-section.av-mj1zt7rm-c7a327756e878a7e04ac14456922ee36{\nbackground-repeat:no-repeat;\nbackground-image:url(https:\/\/komitment.lf.tuke.sk\/wp-content\/uploads\/2025\/12\/banner_01.png);\nbackground-position:50% 50%;\nbackground-attachment:fixed;\n}\n<\/style>\n<div id='av_section_4'  class='avia-section av-mj1zt7rm-c7a327756e878a7e04ac14456922ee36 main_color avia-section-default avia-no-border-styling  avia-builder-el-15  el_after_av_section  avia-builder-el-last  avia-full-stretch avia-bg-style-fixed av-minimum-height av-minimum-height-25 av-height-25  container_wrap sidebar_right'  data-section-bg-repeat='stretch' data-av_minimum_height_pc='25' data-av_min_height_opt='25'><div class='container av-section-cont-open' ><div class='template-page content  av-content-small alpha units'><div class='post-entry post-entry-type-page post-entry-19'><div class='entry-content-wrapper clearfix'>\n<section  class='av_textblock_section av-mj1zh7ga-67d1f40db15b7bd1328a1ff7424e4109 '   itemscope=\"itemscope\" itemtype=\"https:\/\/schema.org\/CreativeWork\" ><div class='avia_textblock'  itemprop=\"text\" ><h4 style=\"text-align: center;\"><span style=\"color: #999999;\">Inform\u00e1cie<\/span><\/h4>\n<h1 style=\"text-align: center;\"><a href=\"https:\/\/eurofondy.gov.sk\/program-slovensko\/\" target=\"_blank\" rel=\"noopener\"><strong><span style=\"color: #999999;\"><span style=\"color: #f2f0f0;\">Program Slovensko<\/span><\/span><\/strong><\/a><\/h1>\n<\/div><\/section>\n<\/div><\/div><\/div><!-- close content main div --><\/div><\/div><div id='after_section_4'  class='main_color av_default_container_wrap container_wrap sidebar_right'  ><div class='container av-section-cont-open' ><div class='template-page content  av-content-small alpha units'><div class='post-entry post-entry-type-page post-entry-19'><div class='entry-content-wrapper clearfix'>\n","protected":false},"excerpt":{"rendered":"","protected":false},"author":2,"featured_media":0,"parent":0,"menu_order":0,"comment_status":"closed","ping_status":"closed","template":"","meta":{"footnotes":""},"class_list":["post-19","page","type-page","status-publish","hentry"],"_links":{"self":[{"href":"https:\/\/komitment.lf.tuke.sk\/index.php?rest_route=\/wp\/v2\/pages\/19","targetHints":{"allow":["GET"]}}],"collection":[{"href":"https:\/\/komitment.lf.tuke.sk\/index.php?rest_route=\/wp\/v2\/pages"}],"about":[{"href":"https:\/\/komitment.lf.tuke.sk\/index.php?rest_route=\/wp\/v2\/types\/page"}],"author":[{"embeddable":true,"href":"https:\/\/komitment.lf.tuke.sk\/index.php?rest_route=\/wp\/v2\/users\/2"}],"replies":[{"embeddable":true,"href":"https:\/\/komitment.lf.tuke.sk\/index.php?rest_route=%2Fwp%2Fv2%2Fcomments&post=19"}],"version-history":[{"count":53,"href":"https:\/\/komitment.lf.tuke.sk\/index.php?rest_route=\/wp\/v2\/pages\/19\/revisions"}],"predecessor-version":[{"id":117,"href":"https:\/\/komitment.lf.tuke.sk\/index.php?rest_route=\/wp\/v2\/pages\/19\/revisions\/117"}],"wp:attachment":[{"href":"https:\/\/komitment.lf.tuke.sk\/index.php?rest_route=%2Fwp%2Fv2%2Fmedia&parent=19"}],"curies":[{"name":"wp","href":"https:\/\/api.w.org\/{rel}","templated":true}]}}